{"id":17,"date":"2023-04-01T19:14:10","date_gmt":"2023-04-01T17:14:10","guid":{"rendered":"http:\/\/www.defio.cz\/?page_id=17"},"modified":"2023-04-01T20:50:41","modified_gmt":"2023-04-01T18:50:41","slug":"domu","status":"publish","type":"page","link":"http:\/\/www.defio.cz\/","title":{"rendered":"Dom\u016f"},"content":{"rendered":"\n<p>V\u00edtejte na sv\u00e9m webu! Toto je va\u0161e domovsk\u00e1 str\u00e1nka, co\u017e je m\u00edsto, kter\u00e9 v\u011bt\u0161ina n\u00e1v\u0161t\u011bvn\u00edk\u016f uvid\u00ed, jakmile poprv\u00e9 p\u0159ijdou na v\u00e1\u0161 web.<\/p>\n\n\n\n<p><\/p>\n","protected":false},"excerpt":{"rendered":"<p>V\u00edtejte na sv\u00e9m webu! Toto je va\u0161e domovsk\u00e1 str\u00e1nka, co\u017e je m\u00edsto, kter\u00e9 v\u011bt\u0161ina n\u00e1v\u0161t\u011bvn\u00edk\u016f uvid\u00ed, jakmile poprv\u00e9 p\u0159ijdou na v\u00e1\u0161 web.<\/p>\n","protected":false},"author":1,"featured_media":0,"parent":0,"menu_order":0,"comment_status":"closed","ping_status":"closed","template":"page-templates\/business.php","meta":[],"_links":{"self":[{"href":"http:\/\/www.defio.cz\/index.php?rest_route=\/wp\/v2\/pages\/17"}],"collection":[{"href":"http:\/\/www.defio.cz\/index.php?rest_route=\/wp\/v2\/pages"}],"about":[{"href":"http:\/\/www.defio.cz\/index.php?rest_route=\/wp\/v2\/types\/page"}],"author":[{"embeddable":true,"href":"http:\/\/www.defio.cz\/index.php?rest_route=\/wp\/v2\/users\/1"}],"replies":[{"embeddable":true,"href":"http:\/\/www.defio.cz\/index.php?rest_route=%2Fwp%2Fv2%2Fcomments&post=17"}],"version-history":[{"count":2,"href":"http:\/\/www.defio.cz\/index.php?rest_route=\/wp\/v2\/pages\/17\/revisions"}],"predecessor-version":[{"id":57,"href":"http:\/\/www.defio.cz\/index.php?rest_route=\/wp\/v2\/pages\/17\/revisions\/57"}],"wp:attachment":[{"href":"http:\/\/www.defio.cz\/index.php?rest_route=%2Fwp%2Fv2%2Fmedia&parent=17"}],"curies":[{"name":"wp","href":"https:\/\/api.w.org\/{rel}","templated":true}]}}